{"id":1120,"date":"2022-09-08T22:09:19","date_gmt":"2022-09-08T20:09:19","guid":{"rendered":"https:\/\/rhosonics.com\/?page_id=1120"},"modified":"2024-10-17T11:52:48","modified_gmt":"2024-10-17T09:52:48","slug":"products","status":"publish","type":"page","link":"https:\/\/rhosonics.com\/fr\/produits\/","title":{"rendered":"Produits"},"content":{"rendered":"<p><div class=\"fusion-fullwidth fullwidth-box fusion-builder-row-1 fusion-flex-container has-pattern-background has-mask-background nonhundred-percent-fullwidth non-hundred-percent-height-scrolling\" style=\"--awb-border-radius-top-left:0px;--awb-border-radius-top-right:0px;--awb-border-radius-bottom-right:0px;--awb-border-radius-bottom-left:0px;--awb-flex-wrap:wrap;\" ><div class=\"fusion-builder-row fusion-row fusion-flex-align-items-flex-start fusion-flex-content-wrap\" style=\"max-width:1331.2px;margin-left: calc(-4% \/ 2 );margin-right: calc(-4% \/ 2 );\"><div class=\"fusion-layout-column fusion_builder_column fusion-builder-column-0 fusion_builder_column_1_1 1_1 fusion-flex-column\" style=\"--awb-bg-size:cover;--awb-width-large:100%;--awb-margin-top-large:0px;--awb-spacing-right-large:1.92%;--awb-margin-bottom-large:20px;--awb-spacing-left-large:1.92%;--awb-width-medium:100%;--awb-order-medium:0;--awb-spacing-right-medium:1.92%;--awb-spacing-left-medium:1.92%;--awb-width-small:100%;--awb-order-small:0;--awb-spacing-right-small:1.92%;--awb-spacing-left-small:1.92%;\"><div class=\"fusion-column-wrapper fusion-column-has-shadow fusion-flex-justify-content-flex-start fusion-content-layout-column\"><div class=\"fusion-title title fusion-title-1 fusion-sep-none fusion-title-text fusion-title-size-one\" style=\"--awb-margin-top-small:10px;--awb-margin-right-small:0px;--awb-margin-bottom-small:10px;--awb-margin-left-small:0px;\"><h1 class=\"fusion-title-heading title-heading-left fusion-responsive-typography-calculated\" style=\"margin:0;--fontSize:32;line-height:var(--awb-typography1-line-height);\"><h1>Analyseurs \u00e0 ultrasons<\/h1><\/h1><\/div><div class=\"fusion-text fusion-text-1\"><p>Bienvenue sur notre page o\u00f9 vous pourrez d\u00e9couvrir les trois cat\u00e9gories d'analyseurs \u00e0 ultrasons que Rhosonics propose. Le SDM utilise un capteur ultrasonique non intrusif pour fournir des mesures de densit\u00e9 en temps r\u00e9el des boues min\u00e9rales, m\u00eame \u00e0 des niveaux de densit\u00e9 \u00e9lev\u00e9s et dans de tr\u00e8s grandes conduites. Le CDM, quant \u00e0 lui, est un analyseur ultrasonique qui peut \u00eatre utilis\u00e9 dans diff\u00e9rents contextes pour mesurer des boues ou des liquides \u00e0 base de produits chimiques. Enfin, le CCM permet de mesurer en temps r\u00e9el la concentration de produits chimiques et de solutions.<\/p>\n<\/div><div ><a class=\"fusion-button button-flat fusion-button-default-size button-default fusion-button-default button-1 fusion-button-default-span fusion-button-default-type\" target=\"_self\" href=\"https:\/\/rhosonics.com\/fr\/distributeurs\/\"><span class=\"fusion-button-text awb-button__text awb-button__text--default\">Contactez votre distributeur local pour obtenir un devis.<\/span><\/a><\/div><\/div><\/div><\/div><\/div><div class=\"fusion-fullwidth fullwidth-box fusion-builder-row-2 fusion-flex-container has-pattern-background has-mask-background nonhundred-percent-fullwidth non-hundred-percent-height-scrolling\" style=\"--awb-border-radius-top-left:0px;--awb-border-radius-top-right:0px;--awb-border-radius-bottom-right:0px;--awb-border-radius-bottom-left:0px;--awb-flex-wrap:wrap;\" ><div class=\"fusion-builder-row fusion-row fusion-flex-align-items-center fusion-flex-content-wrap\" style=\"max-width:1331.2px;margin-left: calc(-4% \/ 2 );margin-right: calc(-4% \/ 2 );\"><div class=\"fusion-layout-column fusion_builder_column fusion-builder-column-1 fusion_builder_column_3_5 3_5 fusion-flex-column\" style=\"--awb-bg-size:cover;--awb-width-large:60%;--awb-margin-top-large:0px;--awb-spacing-right-large:3.2%;--awb-margin-bottom-large:20px;--awb-spacing-left-large:3.2%;--awb-width-medium:60%;--awb-order-medium:0;--awb-spacing-right-medium:3.2%;--awb-spacing-left-medium:3.2%;--awb-width-small:100%;--awb-order-small:0;--awb-spacing-right-small:1.92%;--awb-spacing-left-small:1.92%;\"><div class=\"fusion-column-wrapper fusion-column-has-shadow fusion-flex-justify-content-flex-start fusion-content-layout-column\"><div class=\"fusion-title title fusion-title-2 fusion-sep-none fusion-title-text fusion-title-size-two\" style=\"--awb-margin-top-small:10px;--awb-margin-right-small:0px;--awb-margin-bottom-small:10px;--awb-margin-left-small:0px;\"><h2 class=\"fusion-title-heading title-heading-left fusion-responsive-typography-calculated\" style=\"margin:0;--fontSize:36;line-height:1.3;\"><h2>Densim\u00e8tre pour boues<\/h2><\/h2><\/div><div class=\"fusion-text fusion-text-2\"><p>Le densim\u00e8tre pour boues non nucl\u00e9aire convient \u00e0 la mesure en temps r\u00e9el de la densit\u00e9 de toutes sortes de boues. Le produit utilise une technologie ultrasonique durable et est sp\u00e9cialement con\u00e7u pour les applications de dragage et de traitement des minerais. Le SDM ECO utilise un capteur ultrasonique non intrusif pour mesurer en temps r\u00e9el la densit\u00e9 des boues min\u00e9rales \u00e0 des niveaux de densit\u00e9 \u00e9lev\u00e9s et dans des conduites de grande taille.<\/p>\n<\/div><div ><a class=\"fusion-button button-flat fusion-button-default-size button-default fusion-button-default button-2 fusion-button-default-span fusion-button-default-type\" target=\"_self\" href=\"https:\/\/rhosonics.com\/fr\/produits\/densimetre-pour-boues\/\"><span class=\"fusion-button-text awb-button__text awb-button__text--default\">En savoir plus<\/span><\/a><\/div><\/div><\/div><div class=\"fusion-layout-column fusion_builder_column fusion-builder-column-2 fusion_builder_column_2_5 2_5 fusion-flex-column\" style=\"--awb-bg-size:cover;--awb-width-large:40%;--awb-margin-top-large:0px;--awb-spacing-right-large:4.8%;--awb-margin-bottom-large:20px;--awb-spacing-left-large:4.8%;--awb-width-medium:40%;--awb-order-medium:0;--awb-spacing-right-medium:4.8%;--awb-spacing-left-medium:4.8%;--awb-width-small:100%;--awb-order-small:0;--awb-spacing-right-small:1.92%;--awb-spacing-left-small:1.92%;\"><div class=\"fusion-column-wrapper fusion-column-has-shadow fusion-flex-justify-content-flex-start fusion-content-layout-column\"><div class=\"fusion-image-element\" style=\"--awb-caption-title-font-family:var(--h2_typography-font-family);--awb-caption-title-font-weight:var(--h2_typography-font-weight);--awb-caption-title-font-style:var(--h2_typography-font-style);--awb-caption-title-size:var(--h2_typography-font-size);--awb-caption-title-transform:var(--h2_typography-text-transform);--awb-caption-title-line-height:var(--h2_typography-line-height);--awb-caption-title-letter-spacing:var(--h2_typography-letter-spacing);\"><span class=\"fusion-imageframe imageframe-none imageframe-1 hover-type-none\"><img decoding=\"async\" width=\"1920\" height=\"1280\" alt=\"\u00c9metteur SDM ECO\" title=\"\u00c9metteur SDM ECO\" src=\"https:\/\/rhosonics.com\/wp-content\/uploads\/2024\/10\/SDM_ECO_TRANSMITTER-min.png\" class=\"img-responsive wp-image-6342\" srcset=\"https:\/\/rhosonics.com\/wp-content\/uploads\/2024\/10\/SDM_ECO_TRANSMITTER-min-200x133.png 200w, https:\/\/rhosonics.com\/wp-content\/uploads\/2024\/10\/SDM_ECO_TRANSMITTER-min-400x267.png 400w, https:\/\/rhosonics.com\/wp-content\/uploads\/2024\/10\/SDM_ECO_TRANSMITTER-min-600x400.png 600w, https:\/\/rhosonics.com\/wp-content\/uploads\/2024\/10\/SDM_ECO_TRANSMITTER-min-800x533.png 800w, https:\/\/rhosonics.com\/wp-content\/uploads\/2024\/10\/SDM_ECO_TRANSMITTER-min-1200x800.png 1200w, https:\/\/rhosonics.com\/wp-content\/uploads\/2024\/10\/SDM_ECO_TRANSMITTER-min.png 1920w\" sizes=\"(max-width: 640px) 100vw, 600px\" \/><\/span><\/div><\/div><\/div><\/div><\/div><div class=\"fusion-fullwidth fullwidth-box fusion-builder-row-3 fusion-flex-container has-pattern-background has-mask-background nonhundred-percent-fullwidth non-hundred-percent-height-scrolling\" style=\"--awb-border-radius-top-left:0px;--awb-border-radius-top-right:0px;--awb-border-radius-bottom-right:0px;--awb-border-radius-bottom-left:0px;--awb-flex-wrap:wrap;\" ><div class=\"fusion-builder-row fusion-row fusion-flex-align-items-center fusion-flex-content-wrap\" style=\"max-width:1331.2px;margin-left: calc(-4% \/ 2 );margin-right: calc(-4% \/ 2 );\"><div class=\"fusion-layout-column fusion_builder_column fusion-builder-column-3 fusion_builder_column_2_5 2_5 fusion-flex-column\" style=\"--awb-bg-size:cover;--awb-width-large:40%;--awb-margin-top-large:0px;--awb-spacing-right-large:4.8%;--awb-margin-bottom-large:20px;--awb-spacing-left-large:4.8%;--awb-width-medium:40%;--awb-order-medium:0;--awb-spacing-right-medium:4.8%;--awb-spacing-left-medium:4.8%;--awb-width-small:100%;--awb-order-small:0;--awb-spacing-right-small:1.92%;--awb-spacing-left-small:1.92%;\"><div class=\"fusion-column-wrapper fusion-column-has-shadow fusion-flex-justify-content-flex-start fusion-content-layout-column\"><div class=\"fusion-image-element\" style=\"--awb-caption-title-font-family:var(--h2_typography-font-family);--awb-caption-title-font-weight:var(--h2_typography-font-weight);--awb-caption-title-font-style:var(--h2_typography-font-style);--awb-caption-title-size:var(--h2_typography-font-size);--awb-caption-title-transform:var(--h2_typography-text-transform);--awb-caption-title-line-height:var(--h2_typography-line-height);--awb-caption-title-letter-spacing:var(--h2_typography-letter-spacing);\"><span class=\"fusion-imageframe imageframe-none imageframe-2 hover-type-none\"><img decoding=\"async\" width=\"700\" height=\"500\" alt=\"Densit\u00e9 des boues chimiques 9670\" title=\"Densim\u00e8tre 9670 avec HMI et wafer\" src=\"https:\/\/rhosonics.com\/wp-content\/uploads\/2023\/02\/9670-control-unit-with-2x-UMCS-30mm-and-1x-pt100-min.png\" class=\"img-responsive wp-image-3958\" srcset=\"https:\/\/rhosonics.com\/wp-content\/uploads\/2023\/02\/9670-control-unit-with-2x-UMCS-30mm-and-1x-pt100-min-200x143.png 200w, https:\/\/rhosonics.com\/wp-content\/uploads\/2023\/02\/9670-control-unit-with-2x-UMCS-30mm-and-1x-pt100-min-400x286.png 400w, https:\/\/rhosonics.com\/wp-content\/uploads\/2023\/02\/9670-control-unit-with-2x-UMCS-30mm-and-1x-pt100-min-600x429.png 600w, https:\/\/rhosonics.com\/wp-content\/uploads\/2023\/02\/9670-control-unit-with-2x-UMCS-30mm-and-1x-pt100-min.png 700w\" sizes=\"(max-width: 640px) 100vw, 600px\" \/><\/span><\/div><\/div><\/div><div class=\"fusion-layout-column fusion_builder_column fusion-builder-column-4 fusion_builder_column_3_5 3_5 fusion-flex-column\" style=\"--awb-bg-size:cover;--awb-width-large:60%;--awb-margin-top-large:0px;--awb-spacing-right-large:3.2%;--awb-margin-bottom-large:20px;--awb-spacing-left-large:3.2%;--awb-width-medium:60%;--awb-order-medium:0;--awb-spacing-right-medium:3.2%;--awb-spacing-left-medium:3.2%;--awb-width-small:100%;--awb-order-small:0;--awb-spacing-right-small:1.92%;--awb-spacing-left-small:1.92%;\"><div class=\"fusion-column-wrapper fusion-column-has-shadow fusion-flex-justify-content-flex-start fusion-content-layout-column\"><div class=\"fusion-title title fusion-title-3 fusion-sep-none fusion-title-text fusion-title-size-two\" style=\"--awb-margin-top-small:10px;--awb-margin-right-small:0px;--awb-margin-bottom-small:10px;--awb-margin-left-small:0px;\"><h2 class=\"fusion-title-heading title-heading-left fusion-responsive-typography-calculated\" style=\"margin:0;--fontSize:36;line-height:1.3;\"><h2>Densim\u00e8tre chimique<\/h2><\/h2><\/div><div class=\"fusion-text fusion-text-3\"><p>Le densim\u00e8tre chimique fournit des informations en temps r\u00e9el sur plusieurs param\u00e8tres des liquides ou des boues. Le CDM est utilis\u00e9 pour la mesure en ligne des TSS (Total Suspended Solids), TDS (Total Dissolved Solids) et de la densit\u00e9. En outre, le capteur peut r\u00e9sister aux conditions difficiles des produits chimiques et des boues min\u00e9rales gr\u00e2ce \u00e0 ses mat\u00e9riaux r\u00e9sistants \u00e0 la corrosion et \u00e0 l'abrasion.<\/p>\n<\/div><div ><a class=\"fusion-button button-flat fusion-button-default-size button-default fusion-button-default button-3 fusion-button-default-span fusion-button-default-type\" target=\"_self\" href=\"https:\/\/rhosonics.com\/fr\/produits\/densimetre-chimique\/\"><span class=\"fusion-button-text awb-button__text awb-button__text--default\">En savoir plus<\/span><\/a><\/div><\/div><\/div><\/div><\/div><div class=\"fusion-fullwidth fullwidth-box fusion-builder-row-4 fusion-flex-container has-pattern-background has-mask-background nonhundred-percent-fullwidth non-hundred-percent-height-scrolling\" style=\"--awb-border-radius-top-left:0px;--awb-border-radius-top-right:0px;--awb-border-radius-bottom-right:0px;--awb-border-radius-bottom-left:0px;--awb-flex-wrap:wrap;\" ><div class=\"fusion-builder-row fusion-row fusion-flex-align-items-center fusion-flex-content-wrap\" style=\"max-width:1331.2px;margin-left: calc(-4% \/ 2 );margin-right: calc(-4% \/ 2 );\"><div class=\"fusion-layout-column fusion_builder_column fusion-builder-column-5 fusion_builder_column_3_5 3_5 fusion-flex-column\" style=\"--awb-bg-size:cover;--awb-width-large:60%;--awb-margin-top-large:0px;--awb-spacing-right-large:3.2%;--awb-margin-bottom-large:20px;--awb-spacing-left-large:3.2%;--awb-width-medium:60%;--awb-order-medium:0;--awb-spacing-right-medium:3.2%;--awb-spacing-left-medium:3.2%;--awb-width-small:100%;--awb-order-small:0;--awb-spacing-right-small:1.92%;--awb-spacing-left-small:1.92%;\"><div class=\"fusion-column-wrapper fusion-column-has-shadow fusion-flex-justify-content-flex-start fusion-content-layout-column\"><div class=\"fusion-title title fusion-title-4 fusion-sep-none fusion-title-text fusion-title-size-two\" style=\"--awb-margin-top-small:10px;--awb-margin-right-small:0px;--awb-margin-bottom-small:10px;--awb-margin-left-small:0px;\"><h2 class=\"fusion-title-heading title-heading-left fusion-responsive-typography-calculated\" style=\"margin:0;--fontSize:36;line-height:1.3;\"><h2>Mesureur de concentration chimique<\/h2><\/h2><\/div><div class=\"fusion-text fusion-text-4\"><p>Les CCM (Chemical Concentration Meter) de Rhosonics mesurent avec pr\u00e9cision les concentrations chimiques en temps r\u00e9el et sont con\u00e7us pour r\u00e9sister \u00e0 des conditions difficiles. En outre, les CCM (par exemple la s\u00e9rie B30) offrent des lectures pr\u00e9cises pour les liquides \u00e0 forte concentration, ce qui les rend id\u00e9aux pour diverses industries. De plus, avec une installation facile et une maintenance minimale, les CCM peuvent mesurer une large gamme de produits chimiques, y compris les acides, les bases et les solvants, tout en r\u00e9duisant les d\u00e9chets dans les processus industriels.<\/p>\n<\/div><div ><a class=\"fusion-button button-flat fusion-button-default-size button-default fusion-button-default button-4 fusion-button-default-span fusion-button-default-type\" target=\"_self\" href=\"https:\/\/rhosonics.com\/fr\/produits\/compteur-de-concentration-de-produits-chimiques\/\"><span class=\"fusion-button-text awb-button__text awb-button__text--default\">En savoir plus<\/span><\/a><\/div><\/div><\/div><div class=\"fusion-layout-column fusion_builder_column fusion-builder-column-6 fusion_builder_column_2_5 2_5 fusion-flex-column\" style=\"--awb-bg-size:cover;--awb-width-large:40%;--awb-margin-top-large:0px;--awb-spacing-right-large:4.8%;--awb-margin-bottom-large:20px;--awb-spacing-left-large:4.8%;--awb-width-medium:40%;--awb-order-medium:0;--awb-spacing-right-medium:4.8%;--awb-spacing-left-medium:4.8%;--awb-width-small:100%;--awb-order-small:0;--awb-spacing-right-small:1.92%;--awb-spacing-left-small:1.92%;\"><div class=\"fusion-column-wrapper fusion-column-has-shadow fusion-flex-justify-content-flex-start fusion-content-layout-column\"><div class=\"fusion-image-element\" style=\"--awb-caption-title-font-family:var(--h2_typography-font-family);--awb-caption-title-font-weight:var(--h2_typography-font-weight);--awb-caption-title-font-style:var(--h2_typography-font-style);--awb-caption-title-size:var(--h2_typography-font-size);--awb-caption-title-transform:var(--h2_typography-text-transform);--awb-caption-title-line-height:var(--h2_typography-line-height);--awb-caption-title-letter-spacing:var(--h2_typography-letter-spacing);\"><span class=\"fusion-imageframe imageframe-none imageframe-3 hover-type-none\"><img decoding=\"async\" width=\"700\" height=\"500\" alt=\"Mesureur de concentration de produits chimiques B30\" title=\"CCM Compteur de concentration chimique\" src=\"https:\/\/rhosonics.com\/wp-content\/uploads\/2023\/02\/B30-min.png\" class=\"img-responsive wp-image-3960\" srcset=\"https:\/\/rhosonics.com\/wp-content\/uploads\/2023\/02\/B30-min-200x143.png 200w, https:\/\/rhosonics.com\/wp-content\/uploads\/2023\/02\/B30-min-400x286.png 400w, https:\/\/rhosonics.com\/wp-content\/uploads\/2023\/02\/B30-min-600x429.png 600w, https:\/\/rhosonics.com\/wp-content\/uploads\/2023\/02\/B30-min.png 700w\" sizes=\"(max-width: 640px) 100vw, 600px\" \/><\/span><\/div><\/div><\/div><\/div><\/div><div class=\"fusion-fullwidth fullwidth-box fusion-builder-row-5 fusion-flex-container has-pattern-background has-mask-background nonhundred-percent-fullwidth non-hundred-percent-height-scrolling\" style=\"--awb-border-radius-top-left:0px;--awb-border-radius-top-right:0px;--awb-border-radius-bottom-right:0px;--awb-border-radius-bottom-left:0px;--awb-flex-wrap:wrap;\" ><div class=\"fusion-builder-row fusion-row fusion-flex-align-items-flex-start fusion-flex-content-wrap\" style=\"max-width:1331.2px;margin-left: calc(-4% \/ 2 );margin-right: calc(-4% \/ 2 );\"><div class=\"fusion-layout-column fusion_builder_column fusion-builder-column-7 fusion_builder_column_1_1 1_1 fusion-flex-column\" style=\"--awb-bg-size:cover;--awb-width-large:100%;--awb-margin-top-large:0px;--awb-spacing-right-large:1.92%;--awb-margin-bottom-large:20px;--awb-spacing-left-large:1.92%;--awb-width-medium:100%;--awb-order-medium:0;--awb-spacing-right-medium:1.92%;--awb-spacing-left-medium:1.92%;--awb-width-small:100%;--awb-order-small:0;--awb-spacing-right-small:1.92%;--awb-spacing-left-small:1.92%;\"><div class=\"fusion-column-wrapper fusion-column-has-shadow fusion-flex-justify-content-flex-start fusion-content-layout-column\"><div class=\"fusion-text fusion-text-5\"><p>Pour plus d'informations sur Rhosonics ou sur nos analyseurs \u00e0 ultrasons, veuillez consulter notre site Web. <a href=\"https:\/\/www.linkedin.com\/company\/rhosonics-analytical-bv\" target=\"_blank\" rel=\"noopener\"><u>LinkedIn<\/u><\/a>, <a href=\"https:\/\/www.instagram.com\/rhosonics\/\" target=\"_blank\" rel=\"noopener\"><u>Instagram<\/u><\/a> ou <a href=\"https:\/\/twitter.com\/Rhosonicsbv\" target=\"_blank\" rel=\"noopener\"><u>Twitter<\/u><\/a> page. Pour les questions, vous pouvez <a href=\"mailto:sales@rhosonics.com\"><u>nous contacter<\/u><\/a> directement ou jeter un coup d'\u0153il \u00e0 ceci <a href=\"https:\/\/rhosonics.com\/fr\/distributeurs\/\"><u>page<\/u><\/a> pour prendre contact avec votre distributeur local.<\/p>\n<\/div><\/div><\/div><\/div><\/div><\/p>","protected":false},"excerpt":{"rendered":"","protected":false},"author":2,"featured_media":3828,"parent":0,"menu_order":0,"comment_status":"closed","ping_status":"closed","template":"100-width.php","meta":{"_acf_changed":false,"footnotes":""},"class_list":["post-1120","page","type-page","status-publish","has-post-thumbnail","hentry"],"acf":[],"_links":{"self":[{"href":"https:\/\/rhosonics.com\/fr\/wp-json\/wp\/v2\/pages\/1120","targetHints":{"allow":["GET"]}}],"collection":[{"href":"https:\/\/rhosonics.com\/fr\/wp-json\/wp\/v2\/pages"}],"about":[{"href":"https:\/\/rhosonics.com\/fr\/wp-json\/wp\/v2\/types\/page"}],"author":[{"embeddable":true,"href":"https:\/\/rhosonics.com\/fr\/wp-json\/wp\/v2\/users\/2"}],"replies":[{"embeddable":true,"href":"https:\/\/rhosonics.com\/fr\/wp-json\/wp\/v2\/comments?post=1120"}],"version-history":[{"count":0,"href":"https:\/\/rhosonics.com\/fr\/wp-json\/wp\/v2\/pages\/1120\/revisions"}],"wp:featuredmedia":[{"embeddable":true,"href":"https:\/\/rhosonics.com\/fr\/wp-json\/wp\/v2\/media\/3828"}],"wp:attachment":[{"href":"https:\/\/rhosonics.com\/fr\/wp-json\/wp\/v2\/media?parent=1120"}],"curies":[{"name":"wp","href":"https:\/\/api.w.org\/{rel}","templated":true}]}}