{"id":1018,"date":"2022-09-06T15:21:19","date_gmt":"2022-09-06T13:21:19","guid":{"rendered":"https:\/\/rhosonics.com\/?page_id=1018"},"modified":"2026-02-10T15:40:13","modified_gmt":"2026-02-10T14:40:13","slug":"career","status":"publish","type":"page","link":"https:\/\/rhosonics.com\/pt-br\/carreira\/","title":{"rendered":"Carreira"},"content":{"rendered":"<p><div class=\"fusion-fullwidth fullwidth-box fusion-builder-row-1 fusion-flex-container nonhundred-percent-fullwidth non-hundred-percent-height-scrolling\" style=\"--awb-border-radius-top-left:0px;--awb-border-radius-top-right:0px;--awb-border-radius-bottom-right:0px;--awb-border-radius-bottom-left:0px;--awb-flex-wrap:wrap;\" ><div class=\"fusion-builder-row fusion-row fusion-flex-align-items-flex-start fusion-flex-content-wrap\" style=\"max-width:1331.2px;margin-left: calc(-4% \/ 2 );margin-right: calc(-4% \/ 2 );\"><div class=\"fusion-layout-column fusion_builder_column fusion-builder-column-0 fusion_builder_column_1_2 1_2 fusion-flex-column\" style=\"--awb-bg-size:cover;--awb-width-large:50%;--awb-margin-top-large:0px;--awb-spacing-right-large:3.84%;--awb-margin-bottom-large:20px;--awb-spacing-left-large:3.84%;--awb-width-medium:40%;--awb-order-medium:0;--awb-spacing-right-medium:4.8%;--awb-spacing-left-medium:4.8%;--awb-width-small:100%;--awb-order-small:0;--awb-spacing-right-small:1.92%;--awb-spacing-left-small:1.92%;\"><div class=\"fusion-column-wrapper fusion-column-has-shadow fusion-flex-justify-content-flex-start fusion-content-layout-column\"><div class=\"fusion-title title fusion-title-1 fusion-sep-none fusion-title-text fusion-title-size-two\" style=\"--awb-text-color:var(--awb-color3);--awb-margin-top-small:10px;--awb-margin-right-small:0px;--awb-margin-bottom-small:10px;--awb-margin-left-small:0px;\"><h2 class=\"fusion-title-heading title-heading-left fusion-responsive-typography-calculated\" style=\"margin:0;--fontSize:36;line-height:1.3;\">Zin em um novo cen\u00e1rio?<\/h2><\/div><div class=\"fusion-text fusion-text-1\"><p>A Rhosonics Analytical \u00e9 uma fornecedora ambiciosa e inovadora de instrumentos de reuni\u00e3o ultrass\u00f4nicos. Estamos constantemente em busca de novas pessoas para todos os setores.<\/p>\n<h3 class=\"fusion-responsive-typography-calculated\" style=\"--fontsize: 36; line-height: 1.3; --fontSize: 30;\" data-fontsize=\"30\" data-lineheight=\"39px\">Procedimento de solicita\u00e7\u00e3o<\/h3>\n<p>Deseja saber mais sobre as fun\u00e7\u00f5es abertas ou sobre os desafios de sua empresa? Entre em contato pelo telefone 0341-370073.<\/p>\n<p>Tem interesse em se candidatar? Envie seu curr\u00edculo com um breve resumo de motiva\u00e7\u00e3o via e-mail: <strong><a href=\"mailto:hr@rhosonics.com\">hr@rhosonics.com<\/a><\/strong><\/p>\n<p>A aquisi\u00e7\u00e3o para o fornecimento de f\u00e9rias n\u00e3o \u00e9 gerenciada por pre\u00e7os.<\/p>\n<h3 data-fontsize=\"30\" data-lineheight=\"39px\" class=\"fusion-responsive-typography-calculated\" style=\"--fontSize: 30; line-height: 1.3;\"><\/h3>\n<h3 class=\"fusion-responsive-typography-calculated\" style=\"--fontsize: 36; line-height: 1.3; --fontSize: 30;\" data-fontsize=\"30\" data-lineheight=\"39px\"><strong>Est\u00e1gio<\/strong><\/h3>\n<p><span data-teams=\"true\">Tamb\u00e9m fornecemos pr\u00eamios de est\u00e1gio, veja mais informa\u00e7\u00f5es sobre os pr\u00eamios de est\u00e1gio aqui!<\/span><\/p>\n<\/div><div class=\"fusion-separator fusion-full-width-sep\" style=\"align-self: center;margin-left: auto;margin-right: auto;width:100%;\"><div class=\"fusion-separator-border sep-double\" style=\"--awb-height:20px;--awb-amount:20px;border-color:var(--awb-color3);border-top-width:1px;border-bottom-width:1px;\"><\/div><\/div><\/div><\/div><div class=\"fusion-layout-column fusion_builder_column fusion-builder-column-1 fusion_builder_column_1_2 1_2 fusion-flex-column\" style=\"--awb-padding-top:40px;--awb-padding-right:70px;--awb-padding-bottom:100px;--awb-padding-left:70px;--awb-padding-top-medium:30px;--awb-padding-right-medium:40px;--awb-padding-bottom-medium:70px;--awb-padding-left-medium:40px;--awb-overflow:hidden;--awb-bg-color:var(--awb-color1);--awb-bg-color-hover:var(--awb-color1);--awb-bg-size:cover;--awb-border-radius:0px 0px 0px 100px;--awb-width-large:50%;--awb-margin-top-large:0px;--awb-spacing-right-large:3.84%;--awb-margin-bottom-large:20px;--awb-spacing-left-large:3.84%;--awb-width-medium:60%;--awb-order-medium:0;--awb-spacing-right-medium:3.2%;--awb-spacing-left-medium:3.2%;--awb-width-small:100%;--awb-order-small:0;--awb-spacing-right-small:1.92%;--awb-spacing-left-small:1.92%;\"><div class=\"fusion-column-wrapper fusion-column-has-shadow fusion-flex-justify-content-flex-start fusion-content-layout-column\"><div class=\"fusion-title title fusion-title-2 fusion-sep-none fusion-title-text fusion-title-size-two\" style=\"--awb-text-color:var(--awb-color2);--awb-margin-bottom:50px;--awb-margin-top-small:10px;--awb-margin-right-small:0px;--awb-margin-bottom-small:10px;--awb-margin-left-small:0px;\"><h2 class=\"fusion-title-heading title-heading-left fusion-responsive-typography-calculated\" style=\"margin:0;--fontSize:36;line-height:1.3;\"><span style=\"color: #2a9439;\">&gt;<\/span> F\u00e9rias<\/h2><\/div><div class=\"accordian fusion-accordian toggle-rhosonics\" style=\"--awb-border-size:2px;--awb-icon-size:16px;--awb-content-font-size:var(--awb-typography4-font-size);--awb-icon-alignment:left;--awb-hover-color:var(--awb-color2);--awb-border-color:var(--awb-color1);--awb-background-color:var(--awb-color2);--awb-divider-color:var(--awb-color3);--awb-divider-hover-color:var(--awb-color3);--awb-icon-color:var(--awb-color1);--awb-title-color:var(--awb-color8);--awb-content-color:var(--awb-color8);--awb-icon-box-color:var(--awb-color8);--awb-toggle-hover-accent-color:var(--awb-color5);--awb-toggle-active-accent-color:var(--awb-color3);--awb-title-font-family:&quot;Work Sans&quot;;--awb-title-font-weight:300;--awb-title-font-style:normal;--awb-title-font-size:24px;--awb-content-font-family:var(--awb-typography4-font-family);--awb-content-font-weight:var(--awb-typography4-font-weight);--awb-content-font-style:var(--awb-typography4-font-style);\"><div class=\"panel-group fusion-toggle-icon-boxed\" id=\"accordion-1018-1\"><div class=\"fusion-panel panel-default panel-23f94516f0345dab7 fusion-toggle-no-divider fusion-toggle-boxed-mode\" style=\"--awb-title-color:var(--awb-color8);--awb-content-color:var(--awb-color8);\"><div class=\"panel-heading\"><h4 class=\"panel-title toggle\" id=\"toggle_23f94516f0345dab7\"><a aria-expanded=\"false\" aria-controls=\"23f94516f0345dab7\" role=\"button\" data-toggle=\"collapse\" data-parent=\"#accordion-1018-1\" data-target=\"#23f94516f0345dab7\" href=\"#23f94516f0345dab7\"><span class=\"fusion-toggle-icon-wrapper\" aria-hidden=\"true\"><i class=\"fa-fusion-box active-icon fa-chevron-down fas\" aria-hidden=\"true\"><\/i><i class=\"fa-fusion-box inactive-icon fa-chevron-right fas\" aria-hidden=\"true\"><\/i><\/span><span class=\"fusion-toggle-heading\">T\u00e9cnico de inform\u00e1tica<\/span><\/a><\/h4><\/div><div id=\"23f94516f0345dab7\" class=\"panel-collapse collapse\" aria-labelledby=\"toggle_23f94516f0345dab7\"><div class=\"panel-body toggle-content fusion-clearfix\">\n<p>A Rhosonics \u00e9 uma empresa de grande porte e est\u00e1 em busca de um construtor\/tekenaar entusiasmado e com esp\u00edrito de lideran\u00e7a.<\/p>\n<p>Ele deve trabalhar em uma equipe de P&amp;D inteligente, composta por seis pessoas. Seu trabalho se baseia, principalmente, na cria\u00e7\u00e3o e no fornecimento do dossi\u00ea de constru\u00e7\u00e3o t\u00e9cnica, para projetos e produtos de ponta.<\/p>\n<p>A equipe de desenvolvimento de ideias inclui: testes de vendas e novos produtos a serem testados. Aqui trabalhamos juntos com a equipe.<\/p>\n<p>Voc\u00ea tem um trabalho de \u00faltima hora e de grande qualidade, \u00e9 um verdadeiro Willie Wortel e tem a tecnologia em seu sangue? Ent\u00e3o estamos procurando por voc\u00ea!<\/p>\n<p><strong>T\u00e9cnico de inform\u00e1tica<\/strong>\u00a0m\/v 32-40 uur por semana<\/p>\n<p><strong>Descri\u00e7\u00e3o das fun\u00e7\u00f5es:<\/strong><\/p>\n<p>- Impress\u00f5es de beleza que se tornam um produto de destaque<br \/>\n- Diagramas ou esquemas criados para ilustrar o trabalho global<br \/>\n- Conhecimento de software para t\u00e9cnicas t\u00e9cnicas, como Solidworks ou Autocad<br \/>\n- As normas mais recentes para projetos de engenharia passam por ajustes e toler\u00e2ncias, especifica\u00e7\u00f5es, materiais, opera\u00e7\u00f5es mec\u00e2nicas, etc.<br \/>\n- Onde h\u00e1 relev\u00e2ncia em rela\u00e7\u00e3o aos requisitos para CE, PED e ATEX<br \/>\n- Desenvolvimento de t\u00e9cnicas (de produ\u00e7\u00e3o) de fabrica\u00e7\u00e3o de produtos<br \/>\n- Fa\u00e7a uma imagem para ilustrar as instru\u00e7\u00f5es de apresenta\u00e7\u00e3o<br \/>\n- Os procedimentos para obter todos os resultados positivos (inspe\u00e7\u00e3o do tempo de produ\u00e7\u00e3o e inspe\u00e7\u00e3o de tinta) e rastrear<br \/>\n- Os documentos de pesquisa devem ser colocados em contato com os documentos de pesquisa e o procedimento de pesquisa deve ser aprovado<br \/>\n- As instru\u00e7\u00f5es para instala\u00e7\u00e3o, uso e manuseio do produto podem ser ilustradas<\/p>\n<p><strong>Opleiding- en ervaringseisen:<\/strong><\/p>\n<p>- Mec\u00e2nica HBO\/MBO<br \/>\n- Ervaring com a abertura de instrumentos<br \/>\n- Conhecimento e utiliza\u00e7\u00e3o de software de engenharia (Solidworks ou Autocad)<br \/>\n- Afinidade com a tecnologia<br \/>\n- Servi\u00e7os prestados<br \/>\n- Utiliza\u00e7\u00e3o de sistemas ERP<br \/>\n- Ervaring com an\u00e1lise de dados<br \/>\n- Ervaring em fun\u00e7\u00e3o de suporte<br \/>\n- Educa\u00e7\u00e3o para o ensino da l\u00edngua inglesa e da l\u00edngua neerlandesa<\/p>\n<p>Oferecemos a voc\u00ea uma excelente casa em uma equipe motivada, com habilidades de trabalho bem definidas.<\/p>\n<p>Interessado? Se voc\u00ea estiver satisfeito e bem-disposto, n\u00f3s o faremos com facilidade sob o g\u00eanio de um bolo de chocolate!<br \/>\nEnviamos seu curr\u00edculo e resumo de motiva\u00e7\u00e3o via <strong><a href=\"mailto:hr@rhosonics.com\">hr@rhosonics.com<\/a><\/strong><\/p>\n<p>(a aquisi\u00e7\u00e3o para o uso desta vac\u00e2ncia n\u00e3o deve ser feita com base no pre\u00e7o)<\/p>\n<\/div><\/div><\/div><div class=\"fusion-panel panel-default panel-9c5cb41d0db236c7c fusion-toggle-no-divider fusion-toggle-boxed-mode\" style=\"--awb-title-color:var(--awb-color1);--awb-content-color:var(--awb-color1);\"><div class=\"panel-heading\"><h4 class=\"panel-title toggle\" id=\"toggle_9c5cb41d0db236c7c\"><a aria-expanded=\"false\" aria-controls=\"9c5cb41d0db236c7c\" role=\"button\" data-toggle=\"collapse\" data-parent=\"#accordion-1018-1\" data-target=\"#9c5cb41d0db236c7c\" href=\"#9c5cb41d0db236c7c\"><span class=\"fusion-toggle-icon-wrapper\" aria-hidden=\"true\"><i class=\"fa-fusion-box active-icon fa-chevron-down fas\" aria-hidden=\"true\"><\/i><i class=\"fa-fusion-box inactive-icon fa-chevron-right fas\" aria-hidden=\"true\"><\/i><\/span><span class=\"fusion-toggle-heading\">Est\u00e1gio<\/span><\/a><\/h4><\/div><div id=\"9c5cb41d0db236c7c\" class=\"panel-collapse collapse\" aria-labelledby=\"toggle_9c5cb41d0db236c7c\"><div class=\"panel-body toggle-content fusion-clearfix\">\n<p>Oferecemos treinamento para estudantes da HBO e de cursos universit\u00e1rios nas seguintes \u00e1reas: Marketing\/comunica\u00e7\u00e3o, Marketing, Qu\u00edmica, Ci\u00eancias Naturais, Ci\u00eancias Biol\u00f3gicas, Mec\u00e2nica\/Eletr\u00f4nica (Engenharia), Engenharia de Processos, Engenharia T\u00e9cnica, Inform\u00e1tica, Ci\u00eancias.<\/p>\n<p>Neem <a href=\"mailto:hr@rhosonics.com\">contato op<\/a> para que os problemas relacionados ao seu palco sejam percebidos!<\/p>\n<p>\u2013<\/p>\n<p data-start=\"51\" data-end=\"418\">Oferecemos oportunidades de est\u00e1gio desafiadoras para estudantes de universidades de ci\u00eancias aplicadas (HBO) e universidades de pesquisa, entre outras, nas seguintes \u00e1reas: Marketing\/Comunica\u00e7\u00e3o, Pesquisa de Mercado, Qu\u00edmica, F\u00edsica, Matem\u00e1tica, Engenharia Mec\u00e2nica\/El\u00e9trica, Engenharia de Processos, Administra\u00e7\u00e3o T\u00e9cnica de Neg\u00f3cios, Ci\u00eancia da Computa\u00e7\u00e3o e Ci\u00eancias.<\/p>\n<p data-start=\"425\" data-end=\"492\">Por favor <a href=\"mailto:hr@rhosonics.com\">Entre em contato conosco<\/a> para explorar as possibilidades de seu est\u00e1gio!<\/p>\n<\/div><\/div><\/div><div class=\"fusion-panel panel-default panel-34bd183b7733bb3d7 fusion-toggle-no-divider fusion-toggle-boxed-mode\" style=\"--awb-title-color:var(--awb-color1);--awb-content-color:var(--awb-color1);\"><div class=\"panel-heading\"><h4 class=\"panel-title toggle\" id=\"toggle_34bd183b7733bb3d7\"><a aria-expanded=\"false\" aria-controls=\"34bd183b7733bb3d7\" role=\"button\" data-toggle=\"collapse\" data-parent=\"#accordion-1018-1\" data-target=\"#34bd183b7733bb3d7\" href=\"#34bd183b7733bb3d7\"><span class=\"fusion-toggle-icon-wrapper\" aria-hidden=\"true\"><i class=\"fa-fusion-box active-icon fa-chevron-down fas\" aria-hidden=\"true\"><\/i><i class=\"fa-fusion-box inactive-icon fa-chevron-right fas\" aria-hidden=\"true\"><\/i><\/span><span class=\"fusion-toggle-heading\">Solicita\u00e7\u00e3o aberta<\/span><\/a><\/h4><\/div><div id=\"34bd183b7733bb3d7\" class=\"panel-collapse collapse\" aria-labelledby=\"toggle_34bd183b7733bb3d7\"><div class=\"panel-body toggle-content fusion-clearfix\">\n<p><span data-teams=\"true\">N\u00f3s sempre temos ogen en oren aberto para novos colegas, portanto, as solicita\u00e7\u00f5es abertas s\u00e3o de grande valia, o que nos deixa absolutamente satisfeitos! Uma x\u00edcara de caf\u00e9 n\u00e3o pode faltar. N\u00e3o <a href=\"\/pt-br\/hr@rhosonics.com\/\">contato<\/a> com a gente para as necessidades.\u00a0<\/span><\/p>\n<\/div><\/div><\/div><\/div><\/div><\/div><\/div><div class=\"fusion-layout-column fusion_builder_column fusion-builder-column-2 fusion_builder_column_1_2 1_2 fusion-flex-column\" style=\"--awb-bg-size:cover;--awb-width-large:50%;--awb-margin-top-large:0px;--awb-spacing-right-large:3.84%;--awb-margin-bottom-large:20px;--awb-spacing-left-large:3.84%;--awb-width-medium:50%;--awb-order-medium:0;--awb-spacing-right-medium:3.84%;--awb-spacing-left-medium:3.84%;--awb-width-small:100%;--awb-order-small:0;--awb-spacing-right-small:1.92%;--awb-spacing-left-small:1.92%;\"><div class=\"fusion-column-wrapper fusion-column-has-shadow fusion-flex-justify-content-flex-start fusion-content-layout-column\"><div class=\"fusion-title title fusion-title-3 fusion-sep-none fusion-title-text fusion-title-size-two\" style=\"--awb-text-color:var(--awb-color3);--awb-margin-top-small:10px;--awb-margin-right-small:0px;--awb-margin-bottom-small:10px;--awb-margin-left-small:0px;\"><h2 class=\"fusion-title-heading title-heading-left fusion-responsive-typography-calculated\" style=\"margin:0;--fontSize:36;line-height:1.3;\">Procurando o melhor emprego?<\/h2><\/div><div class=\"fusion-text fusion-text-2\"><p data-start=\"98\" data-end=\"265\">A Rhosonics Analytical \u00e9 uma desenvolvedora ambiciosa e inovadora de instrumentos de medi\u00e7\u00e3o ultrass\u00f4nica. Procuramos regularmente por novos colegas em todos os departamentos.<\/p>\n<h3><strong data-start=\"272\" data-end=\"297\">Procedimento de aplica\u00e7\u00e3o<\/strong><\/h3>\n<p data-start=\"306\" data-end=\"431\">Voc\u00ea tem d\u00favidas sobre as vagas abertas ou sobre suas oportunidades em nossa empresa? Entre em contato pelo telefone +31 341 370 073.<\/p>\n<p data-start=\"438\" data-end=\"530\">Interessado em se candidatar? Envie-nos seu curr\u00edculo com uma breve carta de apresenta\u00e7\u00e3o para <strong data-start=\"507\" data-end=\"527\"><a class=\"decorated-link cursor-pointer\" href=\"mailto:hr@rhosonics.com\" rel=\"noopener\" data-start=\"509\" data-end=\"525\">hr@rhosonics.com<\/a><\/strong>.<\/p>\n<p data-start=\"537\" data-end=\"615\">Solicitamos \u00e0s ag\u00eancias de recrutamento que n\u00e3o respondam a essas vagas.<\/p>\n<h3><strong data-start=\"622\" data-end=\"637\">Est\u00e1gios<\/strong><\/h3>\n<p data-start=\"646\" data-end=\"754\">Tamb\u00e9m oferecemos oportunidades de est\u00e1gio. Mais informa\u00e7\u00f5es sobre as op\u00e7\u00f5es dispon\u00edveis podem ser encontradas ao lado.<\/p>\n<\/div><\/div><\/div><div class=\"fusion-layout-column fusion_builder_column fusion-builder-column-3 fusion_builder_column_1_3 1_3 fusion-flex-column\" style=\"--awb-bg-size:cover;--awb-width-large:33.333333333333%;--awb-margin-top-large:0px;--awb-spacing-right-large:5.76%;--awb-margin-bottom-large:20px;--awb-spacing-left-large:5.76%;--awb-width-medium:33.333333333333%;--awb-order-medium:0;--awb-spacing-right-medium:5.76%;--awb-spacing-left-medium:5.76%;--awb-width-small:100%;--awb-order-small:0;--awb-spacing-right-small:1.92%;--awb-spacing-left-small:1.92%;\"><div class=\"fusion-column-wrapper fusion-column-has-shadow fusion-flex-justify-content-flex-start fusion-content-layout-column\"><div class=\"fusion-image-element\" style=\"--awb-caption-title-font-family:var(--h2_typography-font-family);--awb-caption-title-font-weight:var(--h2_typography-font-weight);--awb-caption-title-font-style:var(--h2_typography-font-style);--awb-caption-title-size:var(--h2_typography-font-size);--awb-caption-title-transform:var(--h2_typography-text-transform);--awb-caption-title-line-height:var(--h2_typography-line-height);--awb-caption-title-letter-spacing:var(--h2_typography-letter-spacing);\"><span class=\"fusion-imageframe imageframe-none imageframe-1 hover-type-none\"><img decoding=\"async\" width=\"150\" height=\"150\" title=\"Venha fazer parte da nossa equipe\" src=\"https:\/\/rhosonics.com\/wp-content\/uploads\/2026\/02\/Come-Join-Our-Team-1-150x150.avif\" alt class=\"img-responsive wp-image-7979\" srcset=\"https:\/\/rhosonics.com\/wp-content\/uploads\/2026\/02\/Come-Join-Our-Team-1-200x200.avif 200w, https:\/\/rhosonics.com\/wp-content\/uploads\/2026\/02\/Come-Join-Our-Team-1-400x400.avif 400w, https:\/\/rhosonics.com\/wp-content\/uploads\/2026\/02\/Come-Join-Our-Team-1-600x600.avif 600w, https:\/\/rhosonics.com\/wp-content\/uploads\/2026\/02\/Come-Join-Our-Team-1-800x800.avif 800w, https:\/\/rhosonics.com\/wp-content\/uploads\/2026\/02\/Come-Join-Our-Team-1-1200x1200.avif 1200w\" sizes=\"(max-width: 640px) 100vw, 400px\" \/><\/span><\/div><\/div><\/div><\/div><\/div><div class=\"fusion-fullwidth fullwidth-box fusion-builder-row-2 fusion-flex-container has-pattern-background has-mask-background hundred-percent-fullwidth non-hundred-percent-height-scrolling\" style=\"--awb-border-radius-top-left:0px;--awb-border-radius-top-right:0px;--awb-border-radius-bottom-right:0px;--awb-border-radius-bottom-left:0px;--awb-padding-right:0px;--awb-padding-left:0px;--awb-margin-bottom-medium:70px;--awb-margin-bottom-small:110px;--awb-flex-wrap:wrap;\" ><div class=\"fusion-builder-row fusion-row fusion-flex-align-items-stretch fusion-flex-content-wrap\" style=\"width:104% !important;max-width:104% !important;margin-left: calc(-4% \/ 2 );margin-right: calc(-4% \/ 2 );\"><div class=\"fusion-layout-column fusion_builder_column fusion-builder-column-4 fusion_builder_column_4_5 4_5 fusion-flex-column\" style=\"--awb-padding-top:450px;--awb-padding-top-medium:250px;--awb-padding-top-small:150px;--awb-overflow:hidden;--awb-bg-image:url(&#039;https:\/\/rhosonics.com\/wp-content\/uploads\/2025\/10\/Foto-Extern-min-scaled.avif&#039;);--awb-bg-position:center center;--awb-bg-size:cover;--awb-border-radius:100px 0px 0px 0px;--awb-width-large:80%;--awb-margin-top-large:0px;--awb-spacing-right-large:0px;--awb-margin-bottom-large:0px;--awb-spacing-left-large:2.4%;--awb-width-medium:60%;--awb-order-medium:0;--awb-spacing-right-medium:0px;--awb-spacing-left-medium:3.2%;--awb-width-small:100%;--awb-order-small:0;--awb-spacing-right-small:1.92%;--awb-spacing-left-small:1.92%;\" data-scroll-devices=\"small-visibility,medium-visibility,large-visibility\"><div class=\"fusion-column-wrapper fusion-column-has-shadow fusion-flex-justify-content-flex-start fusion-content-layout-column fusion-empty-column-bg-image fusion-column-has-bg-image\" data-bg-url=\"https:\/\/rhosonics.com\/wp-content\/uploads\/2025\/10\/Foto-Extern-min-scaled.avif\"><img decoding=\"async\" class=\"fusion-empty-dims-img-placeholder fusion-no-large-visibility fusion-no-medium-visibility\" aria-label=\"Foto Extern-min\" src=\"data:image\/svg+xml,%3Csvg%20xmlns%3D%27http%3A%2F%2Fwww.w3.org%2F2000%2Fsvg%27%20width%3D%272560%27%20height%3D%271920%27%20viewBox%3D%270%200%202560%201920%27%3E%3Crect%20width%3D%272560%27%20height%3D%271920%27%20fill-opacity%3D%220%22%2F%3E%3C%2Fsvg%3E\"><\/div><\/div><div class=\"fusion-layout-column fusion_builder_column fusion-builder-column-5 fusion_builder_column_1_5 1_5 fusion-flex-column\" style=\"--awb-z-index:10;--awb-padding-right:30px;--awb-padding-bottom:40px;--awb-padding-left:30px;--awb-padding-top-small:30px;--awb-padding-bottom-small:30px;--awb-overflow:hidden;--awb-bg-color:var(--awb-color1);--awb-bg-color-hover:var(--awb-color1);--awb-bg-size:cover;--awb-border-radius:0px 0px 0px 50px;--awb-width-large:20%;--awb-margin-top-large:0px;--awb-spacing-right-large:9.6%;--awb-margin-bottom-large:-75px;--awb-spacing-left-large:0px;--awb-width-medium:40%;--awb-order-medium:0;--awb-spacing-right-medium:4.8%;--awb-spacing-left-medium:0px;--awb-width-small:100%;--awb-order-small:0;--awb-spacing-right-small:1.92%;--awb-spacing-left-small:1.92%;\"><div class=\"fusion-column-wrapper fusion-column-has-shadow fusion-flex-justify-content-flex-end fusion-content-layout-column\"><div class=\"fusion-text fusion-text-3 no-margin\" style=\"--awb-font-size:24px;--awb-text-transform:uppercase;--awb-text-color:var(--awb-color2);--awb-text-font-family:&quot;Work Sans&quot;;--awb-text-font-style:normal;--awb-text-font-weight:800;\"><p>Participe de nossa<br \/>\nequipe!<\/p>\n<\/div><\/div><\/div><\/div><\/div><\/p>","protected":false},"excerpt":{"rendered":"","protected":false},"author":2,"featured_media":3834,"parent":0,"menu_order":0,"comment_status":"closed","ping_status":"closed","template":"100-width.php","meta":{"_acf_changed":false,"footnotes":""},"class_list":["post-1018","page","type-page","status-publish","has-post-thumbnail","hentry"],"acf":[],"_links":{"self":[{"href":"https:\/\/rhosonics.com\/pt-br\/wp-json\/wp\/v2\/pages\/1018","targetHints":{"allow":["GET"]}}],"collection":[{"href":"https:\/\/rhosonics.com\/pt-br\/wp-json\/wp\/v2\/pages"}],"about":[{"href":"https:\/\/rhosonics.com\/pt-br\/wp-json\/wp\/v2\/types\/page"}],"author":[{"embeddable":true,"href":"https:\/\/rhosonics.com\/pt-br\/wp-json\/wp\/v2\/users\/2"}],"replies":[{"embeddable":true,"href":"https:\/\/rhosonics.com\/pt-br\/wp-json\/wp\/v2\/comments?post=1018"}],"version-history":[{"count":14,"href":"https:\/\/rhosonics.com\/pt-br\/wp-json\/wp\/v2\/pages\/1018\/revisions"}],"predecessor-version":[{"id":7991,"href":"https:\/\/rhosonics.com\/pt-br\/wp-json\/wp\/v2\/pages\/1018\/revisions\/7991"}],"wp:featuredmedia":[{"embeddable":true,"href":"https:\/\/rhosonics.com\/pt-br\/wp-json\/wp\/v2\/media\/3834"}],"wp:attachment":[{"href":"https:\/\/rhosonics.com\/pt-br\/wp-json\/wp\/v2\/media?parent=1018"}],"curies":[{"name":"wp","href":"https:\/\/api.w.org\/{rel}","templated":true}]}}